{"id":150,"date":"2024-01-13T12:03:45","date_gmt":"2024-01-13T12:03:45","guid":{"rendered":"https:\/\/guglaw.at\/wordpress123\/?page_id=150"},"modified":"2025-03-05T19:55:16","modified_gmt":"2025-03-05T19:55:16","slug":"erbrecht","status":"publish","type":"page","link":"https:\/\/guglaw.at\/index.php\/rechtsgebiete\/erbrecht\/","title":{"rendered":"Erbrecht"},"content":{"rendered":"\n<figure class=\"wp-block-image aligncenter size-large is-resized is-style-rounded is-style-rounded--1\"><img loading=\"lazy\" decoding=\"async\" width=\"768\" height=\"1024\" src=\"https:\/\/guglaw.at\/wordpress123\/wp-content\/uploads\/2024\/01\/Erbrecht-1-768x1024.jpg\" alt=\"\" class=\"wp-image-363\" style=\"aspect-ratio:1;object-fit:cover;width:600px\" srcset=\"https:\/\/guglaw.at\/wp-content\/uploads\/2024\/01\/Erbrecht-1-768x1024.jpg 768w, https:\/\/guglaw.at\/wp-content\/uploads\/2024\/01\/Erbrecht-1-225x300.jpg 225w, https:\/\/guglaw.at\/wp-content\/uploads\/2024\/01\/Erbrecht-1-1152x1536.jpg 1152w, https:\/\/guglaw.at\/wp-content\/uploads\/2024\/01\/Erbrecht-1-1536x2048.jpg 1536w, https:\/\/guglaw.at\/wp-content\/uploads\/2024\/01\/Erbrecht-1-scaled.jpg 1920w\" sizes=\"auto, (max-width: 768px) 100vw, 768px\" \/><\/figure>\n\n\n\n<p class=\"has-text-align-justify\" style=\"margin-top:var(--wp--preset--spacing--20);margin-bottom:var(--wp--preset--spacing--20);font-size:clamp(0.929rem, 0.929rem + ((1vw - 0.2rem) * 0.785), 1.4rem);\"><br><strong>Erbrecht in Wien \u2013 Unterst\u00fctzung bei Testament und Nachlassregelungen durch eine erfahrene Rechtsanw\u00e4ltin<\/strong><br><br>Ob Sie noch zu Lebzeiten Ihren letzten Willen regeln m\u00f6chten, ein Testament verfassen oder Ihr geerbtes Verm\u00f6gen verwalten wollen \u2013 das Erbrecht spielt eine entscheidende Rolle. Es regelt, was nach dem Tod einer Person mit ihrem Verm\u00f6gen passiert und betrifft sowohl die Verteilung des Nachlasses an die Erben als auch die Erstellung und Auslegung von Testamenten. Wenn Sie wissen m\u00f6chten, wer erbberechtigt ist, wie hoch der gesetzliche Erbteil ausf\u00e4llt oder was es mit dem Pflichtteil auf sich hat, stehe ich Ihnen als erfahrene Rechtsanw\u00e4ltin im Familienrecht in Wien zur Seite.<br><br><strong>Erstellung eines Testaments \u2013 Ihre W\u00fcnsche rechtssicher festlegen<\/strong><br><br>Als Rechtsanw\u00e4ltin mit Schwerpunkt Erbrecht helfe ich Ihnen, ein rechtsg\u00fcltiges Testament zu verfassen, das Ihre W\u00fcnsche klar und rechtlich bindend festlegt. Ein gut formuliertes Testament stellt sicher, dass Ihr Verm\u00f6gen nach Ihrem Tod genau nach Ihren Vorstellungen verteilt wird. Ich berate Sie zu den verschiedenen M\u00f6glichkeiten der Testamentsgestaltung, wie beispielsweise bei der Bestimmung von Erben, der Verteilung von Immobilien oder der Ber\u00fccksichtigung von Pflichtteilsanspr\u00fcchen.<br><br><strong>Erben und Streitigkeiten im Erbrecht \u2013 Ihre Rechte durchsetzen<\/strong><br><br>Falls ein Angeh\u00f6riger verstirbt und Unklarheiten oder Streitigkeiten \u00fcber den Nachlass bestehen, unterst\u00fctze ich Sie dabei, Ihre Rechte als Erbe oder Erbin zu verstehen und zu wahren. Ich helfe Ihnen, Ihren Erbteil vor Gericht durchzusetzen und streitige Fragen mit anderen Erben oder potenziellen Anspruchstellenden zu kl\u00e4ren. Sei es bei der Auseinandersetzung des Nachlasses, der Geltendmachung von Pflichtteilsanspr\u00fcchen oder der L\u00f6sung von Erbstreitigkeiten \u2013 ich stehe Ihnen mit meiner Erfahrung und Expertise im Erbrecht zur Seite.<br><br><strong>Ihre Expertin im Erbrecht \u2013 Beratung und Vertretung vor Gericht<\/strong><br><br>Egal, ob Sie ein Testament erstellen, ein Erbe antreten oder Ihre Rechte als Erbe verteidigen m\u00f6chten, ich unterst\u00fctze Sie durch alle rechtlichen Schritte. Mit umfassender Beratung und gezielter rechtlicher Unterst\u00fctzung helfe ich Ihnen, Ihre erbrechtlichen Anliegen effektiv zu l\u00f6sen. Kontaktieren Sie mich noch heute f\u00fcr eine individuelle Beratung in meiner Kanzlei in Wien.<br><\/p>\n\n\n\n<div class=\"wp-block-buttons is-content-justification-center is-layout-flex wp-container-core-buttons-is-layout-e511ce0b wp-block-buttons-is-layout-flex\" style=\"margin-top:var(--wp--preset--spacing--30);margin-bottom:var(--wp--preset--spacing--30)\">\n<div class=\"wp-block-button has-custom-font-size has-large-font-size\"><a class=\"wp-block-button__link has-base-2-color has-text-color has-background has-link-color wp-element-button\" href=\"https:\/\/guglaw.at\/index.php\/kontakt\/\" style=\"background-color:#e48444\">KONTAKT AUFNEHMEN<\/a><\/div>\n<\/div>\n","protected":false},"excerpt":{"rendered":"<p>Erbrecht in Wien \u2013 Unterst\u00fctzung bei Testament und Nachlassregelungen durch eine erfahrene Rechtsanw\u00e4ltin Ob Sie noch zu Lebzeiten Ihren letzten Willen regeln m\u00f6chten, ein Testament verfassen oder Ihr geerbtes Verm\u00f6gen verwalten wollen \u2013 das Erbrecht spielt eine entscheidende Rolle. Es regelt, was nach dem Tod einer Person mit ihrem Verm\u00f6gen passiert und betrifft sowohl die [&hellip;]<\/p>\n","protected":false},"author":1,"featured_media":0,"parent":104,"menu_order":0,"comment_status":"closed","ping_status":"closed","template":"","meta":{"footnotes":""},"class_list":["post-150","page","type-page","status-publish","hentry"],"yoast_head":"<!-- This site is optimized with the Yoast SEO plugin v21.8.1 - https:\/\/yoast.com\/wordpress\/plugins\/seo\/ -->\n<title>Erbrecht - GUGLAW - Rechtsanwaltskanzlei<\/title>\n<meta name=\"description\" content=\"Erhalten Sie rechtliche Unterst\u00fctzung im Erbrecht in Wien: Testament, Erbteil und Erbstreitigkeiten \u2013 ich helfe Ihnen, Ihre Rechte durchzusetzen. Kontaktieren Sie mich!\" \/>\n<meta name=\"robots\" content=\"index, follow, max-snippet:-1, max-image-preview:large, max-video-preview:-1\" \/>\n<link rel=\"canonical\" href=\"https:\/\/guglaw.at\/index.php\/rechtsgebiete\/erbrecht\/\" \/>\n<meta property=\"og:locale\" content=\"de_DE\" \/>\n<meta property=\"og:type\" content=\"article\" \/>\n<meta property=\"og:title\" content=\"Erbrecht - GUGLAW - Rechtsanwaltskanzlei\" \/>\n<meta property=\"og:description\" content=\"Erhalten Sie rechtliche Unterst\u00fctzung im Erbrecht in Wien: Testament, Erbteil und Erbstreitigkeiten \u2013 ich helfe Ihnen, Ihre Rechte durchzusetzen. Kontaktieren Sie mich!\" \/>\n<meta property=\"og:url\" content=\"https:\/\/guglaw.at\/index.php\/rechtsgebiete\/erbrecht\/\" \/>\n<meta property=\"og:site_name\" content=\"GUGLAW - Rechtsanwaltskanzlei\" \/>\n<meta property=\"article:modified_time\" content=\"2025-03-05T19:55:16+00:00\" \/>\n<meta property=\"og:image\" content=\"https:\/\/guglaw.at\/wordpress123\/wp-content\/uploads\/2024\/01\/Erbrecht-1-768x1024.jpg\" \/>\n<meta name=\"twitter:card\" content=\"summary_large_image\" \/>\n<meta name=\"twitter:label1\" content=\"Gesch\u00e4tzte Lesezeit\" \/>\n\t<meta name=\"twitter:data1\" content=\"2\u00a0Minuten\" \/>\n<script type=\"application\/ld+json\" class=\"yoast-schema-graph\">{\"@context\":\"https:\/\/schema.org\",\"@graph\":[{\"@type\":\"WebPage\",\"@id\":\"https:\/\/guglaw.at\/index.php\/rechtsgebiete\/erbrecht\/\",\"url\":\"https:\/\/guglaw.at\/index.php\/rechtsgebiete\/erbrecht\/\",\"name\":\"Erbrecht - GUGLAW - Rechtsanwaltskanzlei\",\"isPartOf\":{\"@id\":\"https:\/\/guglaw.at\/#website\"},\"datePublished\":\"2024-01-13T12:03:45+00:00\",\"dateModified\":\"2025-03-05T19:55:16+00:00\",\"description\":\"Erhalten Sie rechtliche Unterst\u00fctzung im Erbrecht in Wien: Testament, Erbteil und Erbstreitigkeiten \u2013 ich helfe Ihnen, Ihre Rechte durchzusetzen. Kontaktieren Sie mich!\",\"breadcrumb\":{\"@id\":\"https:\/\/guglaw.at\/index.php\/rechtsgebiete\/erbrecht\/#breadcrumb\"},\"inLanguage\":\"de\",\"potentialAction\":[{\"@type\":\"ReadAction\",\"target\":[\"https:\/\/guglaw.at\/index.php\/rechtsgebiete\/erbrecht\/\"]}]},{\"@type\":\"BreadcrumbList\",\"@id\":\"https:\/\/guglaw.at\/index.php\/rechtsgebiete\/erbrecht\/#breadcrumb\",\"itemListElement\":[{\"@type\":\"ListItem\",\"position\":1,\"name\":\"Startseite\",\"item\":\"https:\/\/guglaw.at\/\"},{\"@type\":\"ListItem\",\"position\":2,\"name\":\"Rechtsgebiete\",\"item\":\"https:\/\/guglaw.at\/index.php\/rechtsgebiete\/\"},{\"@type\":\"ListItem\",\"position\":3,\"name\":\"Erbrecht\"}]},{\"@type\":\"WebSite\",\"@id\":\"https:\/\/guglaw.at\/#website\",\"url\":\"https:\/\/guglaw.at\/\",\"name\":\"GUGLAW - Rechtsanwaltskanzlei\",\"description\":\"\",\"publisher\":{\"@id\":\"https:\/\/guglaw.at\/#organization\"},\"potentialAction\":[{\"@type\":\"SearchAction\",\"target\":{\"@type\":\"EntryPoint\",\"urlTemplate\":\"https:\/\/guglaw.at\/?s={search_term_string}\"},\"query-input\":\"required name=search_term_string\"}],\"inLanguage\":\"de\"},{\"@type\":\"Organization\",\"@id\":\"https:\/\/guglaw.at\/#organization\",\"name\":\"GUGLAW - Rechtsanwaltskanzlei\",\"url\":\"https:\/\/guglaw.at\/\",\"logo\":{\"@type\":\"ImageObject\",\"inLanguage\":\"de\",\"@id\":\"https:\/\/guglaw.at\/#\/schema\/logo\/image\/\",\"url\":\"https:\/\/guglaw.at\/wp-content\/uploads\/2024\/01\/Header_Logo.png\",\"contentUrl\":\"https:\/\/guglaw.at\/wp-content\/uploads\/2024\/01\/Header_Logo.png\",\"width\":4967,\"height\":1043,\"caption\":\"GUGLAW - Rechtsanwaltskanzlei\"},\"image\":{\"@id\":\"https:\/\/guglaw.at\/#\/schema\/logo\/image\/\"}}]}<\/script>\n<!-- \/ Yoast SEO plugin. -->","yoast_head_json":{"title":"Erbrecht - GUGLAW - Rechtsanwaltskanzlei","description":"Erhalten Sie rechtliche Unterst\u00fctzung im Erbrecht in Wien: Testament, Erbteil und Erbstreitigkeiten \u2013 ich helfe Ihnen, Ihre Rechte durchzusetzen. Kontaktieren Sie mich!","robots":{"index":"index","follow":"follow","max-snippet":"max-snippet:-1","max-image-preview":"max-image-preview:large","max-video-preview":"max-video-preview:-1"},"canonical":"https:\/\/guglaw.at\/index.php\/rechtsgebiete\/erbrecht\/","og_locale":"de_DE","og_type":"article","og_title":"Erbrecht - GUGLAW - Rechtsanwaltskanzlei","og_description":"Erhalten Sie rechtliche Unterst\u00fctzung im Erbrecht in Wien: Testament, Erbteil und Erbstreitigkeiten \u2013 ich helfe Ihnen, Ihre Rechte durchzusetzen. Kontaktieren Sie mich!","og_url":"https:\/\/guglaw.at\/index.php\/rechtsgebiete\/erbrecht\/","og_site_name":"GUGLAW - Rechtsanwaltskanzlei","article_modified_time":"2025-03-05T19:55:16+00:00","og_image":[{"url":"https:\/\/guglaw.at\/wordpress123\/wp-content\/uploads\/2024\/01\/Erbrecht-1-768x1024.jpg"}],"twitter_card":"summary_large_image","twitter_misc":{"Gesch\u00e4tzte Lesezeit":"2\u00a0Minuten"},"schema":{"@context":"https:\/\/schema.org","@graph":[{"@type":"WebPage","@id":"https:\/\/guglaw.at\/index.php\/rechtsgebiete\/erbrecht\/","url":"https:\/\/guglaw.at\/index.php\/rechtsgebiete\/erbrecht\/","name":"Erbrecht - GUGLAW - Rechtsanwaltskanzlei","isPartOf":{"@id":"https:\/\/guglaw.at\/#website"},"datePublished":"2024-01-13T12:03:45+00:00","dateModified":"2025-03-05T19:55:16+00:00","description":"Erhalten Sie rechtliche Unterst\u00fctzung im Erbrecht in Wien: Testament, Erbteil und Erbstreitigkeiten \u2013 ich helfe Ihnen, Ihre Rechte durchzusetzen. Kontaktieren Sie mich!","breadcrumb":{"@id":"https:\/\/guglaw.at\/index.php\/rechtsgebiete\/erbrecht\/#breadcrumb"},"inLanguage":"de","potentialAction":[{"@type":"ReadAction","target":["https:\/\/guglaw.at\/index.php\/rechtsgebiete\/erbrecht\/"]}]},{"@type":"BreadcrumbList","@id":"https:\/\/guglaw.at\/index.php\/rechtsgebiete\/erbrecht\/#breadcrumb","itemListElement":[{"@type":"ListItem","position":1,"name":"Startseite","item":"https:\/\/guglaw.at\/"},{"@type":"ListItem","position":2,"name":"Rechtsgebiete","item":"https:\/\/guglaw.at\/index.php\/rechtsgebiete\/"},{"@type":"ListItem","position":3,"name":"Erbrecht"}]},{"@type":"WebSite","@id":"https:\/\/guglaw.at\/#website","url":"https:\/\/guglaw.at\/","name":"GUGLAW - Rechtsanwaltskanzlei","description":"","publisher":{"@id":"https:\/\/guglaw.at\/#organization"},"potentialAction":[{"@type":"SearchAction","target":{"@type":"EntryPoint","urlTemplate":"https:\/\/guglaw.at\/?s={search_term_string}"},"query-input":"required name=search_term_string"}],"inLanguage":"de"},{"@type":"Organization","@id":"https:\/\/guglaw.at\/#organization","name":"GUGLAW - Rechtsanwaltskanzlei","url":"https:\/\/guglaw.at\/","logo":{"@type":"ImageObject","inLanguage":"de","@id":"https:\/\/guglaw.at\/#\/schema\/logo\/image\/","url":"https:\/\/guglaw.at\/wp-content\/uploads\/2024\/01\/Header_Logo.png","contentUrl":"https:\/\/guglaw.at\/wp-content\/uploads\/2024\/01\/Header_Logo.png","width":4967,"height":1043,"caption":"GUGLAW - Rechtsanwaltskanzlei"},"image":{"@id":"https:\/\/guglaw.at\/#\/schema\/logo\/image\/"}}]}},"jetpack_sharing_enabled":true,"_links":{"self":[{"href":"https:\/\/guglaw.at\/index.php\/wp-json\/wp\/v2\/pages\/150","targetHints":{"allow":["GET"]}}],"collection":[{"href":"https:\/\/guglaw.at\/index.php\/wp-json\/wp\/v2\/pages"}],"about":[{"href":"https:\/\/guglaw.at\/index.php\/wp-json\/wp\/v2\/types\/page"}],"author":[{"embeddable":true,"href":"https:\/\/guglaw.at\/index.php\/wp-json\/wp\/v2\/users\/1"}],"replies":[{"embeddable":true,"href":"https:\/\/guglaw.at\/index.php\/wp-json\/wp\/v2\/comments?post=150"}],"version-history":[{"count":11,"href":"https:\/\/guglaw.at\/index.php\/wp-json\/wp\/v2\/pages\/150\/revisions"}],"predecessor-version":[{"id":693,"href":"https:\/\/guglaw.at\/index.php\/wp-json\/wp\/v2\/pages\/150\/revisions\/693"}],"up":[{"embeddable":true,"href":"https:\/\/guglaw.at\/index.php\/wp-json\/wp\/v2\/pages\/104"}],"wp:attachment":[{"href":"https:\/\/guglaw.at\/index.php\/wp-json\/wp\/v2\/media?parent=150"}],"curies":[{"name":"wp","href":"https:\/\/api.w.org\/{rel}","templated":true}]}}