{"id":284,"date":"2024-01-22T21:36:16","date_gmt":"2024-01-22T21:36:16","guid":{"rendered":"https:\/\/guglaw.at\/wordpress123\/?page_id=284"},"modified":"2025-03-05T20:08:17","modified_gmt":"2025-03-05T20:08:17","slug":"gewaltschutz","status":"publish","type":"page","link":"https:\/\/guglaw.at\/index.php\/rechtsgebiete\/gewaltschutz\/","title":{"rendered":"Opferschutz- und Gewaltschutzrecht"},"content":{"rendered":"\n<figure class=\"wp-block-image aligncenter size-large is-resized is-style-rounded is-style-rounded--1\"><img loading=\"lazy\" decoding=\"async\" width=\"768\" height=\"1024\" src=\"https:\/\/guglaw.at\/wordpress123\/wp-content\/uploads\/2024\/01\/Gewaltschutz-768x1024.jpg\" alt=\"\" class=\"wp-image-360\" style=\"aspect-ratio:1;object-fit:cover;width:600px\" srcset=\"https:\/\/guglaw.at\/wp-content\/uploads\/2024\/01\/Gewaltschutz-768x1024.jpg 768w, https:\/\/guglaw.at\/wp-content\/uploads\/2024\/01\/Gewaltschutz-225x300.jpg 225w, https:\/\/guglaw.at\/wp-content\/uploads\/2024\/01\/Gewaltschutz-1152x1536.jpg 1152w, https:\/\/guglaw.at\/wp-content\/uploads\/2024\/01\/Gewaltschutz-1536x2048.jpg 1536w, https:\/\/guglaw.at\/wp-content\/uploads\/2024\/01\/Gewaltschutz-scaled.jpg 1920w\" sizes=\"auto, (max-width: 768px) 100vw, 768px\" \/><\/figure>\n\n\n\n<p class=\"has-text-align-justify\" style=\"margin-top:var(--wp--preset--spacing--30);margin-bottom:var(--wp--preset--spacing--30);font-size:clamp(0.929rem, 0.929rem + ((1vw - 0.2rem) * 0.785), 1.4rem);\"><br><strong>Opferschutz- und Gewaltschutzrecht in Wien \u2013 Ihre Rechtsanw\u00e4ltin f\u00fcr Ihre Sicherheit<\/strong><br><br>Haben Sie physische oder psychische Gewalt durch Ihren Partner oder Ihre Partnerin erfahren? Wurden Sie geschlagen, misshandelt, bedroht oder verbal missbraucht? Wenn Sie sich in einer solchen Situation befinden und Angst versp\u00fcren, sind Sie nicht allein. Ich stehe Ihnen als erfahrene Rechtsanw\u00e4ltin im Bereich Opferschutz- und Gewaltschutzrecht in Wien zur Seite und helfe Ihnen, die notwendigen rechtlichen Schritte zu ergreifen, um Ihre Sicherheit zu gew\u00e4hrleisten.<br>In F\u00e4llen von h\u00e4uslicher Gewalt ist es entscheidend, schnell zu handeln. Als Ihre Rechtsanw\u00e4ltin unterst\u00fctze ich Sie dabei, eine Wegweisung und ein Betretungsverbot zu erwirken, um sich vor Ihrem Partner oder Ihrer Partnerin zu sch\u00fctzen. Diese Ma\u00dfnahmen sind dringend notwendig, wenn Sie sich in einer bedrohlichen oder gef\u00e4hrlichen Situation befinden. Ebenso unterst\u00fctze ich Sie dabei, eine einstweilige Verf\u00fcgung zu erlangen, die eine schnelle rechtliche Reaktion erm\u00f6glicht und Ihre Rechte sch\u00fctzt.<br>Ich setze mich daf\u00fcr ein, dass Sie die rechtliche Hilfe und den Schutz erhalten, den Sie verdienen. Als Ihre Anw\u00e4ltin k\u00fcmmere ich mich um alle notwendigen rechtlichen Schritte, damit Sie wieder in Sicherheit leben k\u00f6nnen. Neben der rechtlichen Unterst\u00fctzung biete ich Ihnen auch einf\u00fchlsame und vertrauensvolle Beratung, damit Sie sich in dieser schwierigen Zeit gut aufgehoben f\u00fchlen.<br><strong><br>Warum Sie meine Unterst\u00fctzung im Bereich Opferschutz- und Gewaltschutzrecht brauchen<\/strong><br><br>Opferschutz- und Gewaltschutzrecht ist ein besonders sensibles Thema, das umfassendes rechtliches Wissen und Empathie erfordert. Als erfahrene Rechtsanw\u00e4ltin mit langj\u00e4hriger Praxis in Wien biete ich Ihnen nicht nur eine pr\u00e4zise rechtliche Beratung, sondern auch die n\u00f6tige Unterst\u00fctzung, um Sie durch diese belastende Situation zu begleiten. Es ist mein Ziel, Ihnen die notwendige Hilfe zukommen zu lassen, damit Sie sicher leben k\u00f6nnen und Ihr Wohlbefinden wiederhergestellt wird.<br><br>Z\u00f6gern Sie nicht, Kontakt mit mir aufzunehmen, um mehr \u00fcber Ihre Rechte im Bereich Opferschutz und Gewaltschutz zu erfahren. Ich bin f\u00fcr Sie da, um Sie rechtlich zu unterst\u00fctzen und Sie zu sch\u00fctzen.<\/p>\n\n\n\n<p class=\"has-text-align-justify\" style=\"margin-top:var(--wp--preset--spacing--30);margin-bottom:var(--wp--preset--spacing--30);font-size:clamp(0.929rem, 0.929rem + ((1vw - 0.2rem) * 0.785), 1.4rem);\"><\/p>\n\n\n\n<div class=\"wp-block-buttons is-content-justification-center is-layout-flex wp-container-core-buttons-is-layout-a89b3969 wp-block-buttons-is-layout-flex\">\n<div class=\"wp-block-button has-custom-font-size has-large-font-size\"><a class=\"wp-block-button__link has-base-2-color has-text-color has-background has-link-color wp-element-button\" href=\"https:\/\/guglaw.at\/index.php\/kontakt\/\" style=\"background-color:#e48444\">KONTAKT AUFNEHMEN<\/a><\/div>\n<\/div>\n","protected":false},"excerpt":{"rendered":"<p>Opferschutz- und Gewaltschutzrecht in Wien \u2013 Ihre Rechtsanw\u00e4ltin f\u00fcr Ihre Sicherheit Haben Sie physische oder psychische Gewalt durch Ihren Partner oder Ihre Partnerin erfahren? Wurden Sie geschlagen, misshandelt, bedroht oder verbal missbraucht? Wenn Sie sich in einer solchen Situation befinden und Angst versp\u00fcren, sind Sie nicht allein. Ich stehe Ihnen als erfahrene Rechtsanw\u00e4ltin im Bereich [&hellip;]<\/p>\n","protected":false},"author":1,"featured_media":0,"parent":104,"menu_order":0,"comment_status":"closed","ping_status":"closed","template":"","meta":{"footnotes":""},"class_list":["post-284","page","type-page","status-publish","hentry"],"yoast_head":"<!-- This site is optimized with the Yoast SEO plugin v21.8.1 - https:\/\/yoast.com\/wordpress\/plugins\/seo\/ -->\n<title>Opferschutz- und Gewaltschutzrecht - GUGLAW - Rechtsanwaltskanzlei<\/title>\n<meta name=\"description\" content=\"Haben Sie Gewalt durch Ihren Partner erfahren? Kontaktieren Sie eine erfahrene Rechtsanw\u00e4ltin f\u00fcr Opferschutz- und Gewaltschutzrecht in Wien. Erfahren Sie, wie Sie mit einer Wegweisung und einer einstweiligen Verf\u00fcgung Ihre Sicherheit gew\u00e4hrleisten k\u00f6nnen.\" \/>\n<meta name=\"robots\" content=\"index, follow, max-snippet:-1, max-image-preview:large, max-video-preview:-1\" \/>\n<link rel=\"canonical\" href=\"https:\/\/guglaw.at\/index.php\/rechtsgebiete\/gewaltschutz\/\" \/>\n<meta property=\"og:locale\" content=\"de_DE\" \/>\n<meta property=\"og:type\" content=\"article\" \/>\n<meta property=\"og:title\" content=\"Opferschutz- und Gewaltschutzrecht - GUGLAW - Rechtsanwaltskanzlei\" \/>\n<meta property=\"og:description\" content=\"Haben Sie Gewalt durch Ihren Partner erfahren? Kontaktieren Sie eine erfahrene Rechtsanw\u00e4ltin f\u00fcr Opferschutz- und Gewaltschutzrecht in Wien. Erfahren Sie, wie Sie mit einer Wegweisung und einer einstweiligen Verf\u00fcgung Ihre Sicherheit gew\u00e4hrleisten k\u00f6nnen.\" \/>\n<meta property=\"og:url\" content=\"https:\/\/guglaw.at\/index.php\/rechtsgebiete\/gewaltschutz\/\" \/>\n<meta property=\"og:site_name\" content=\"GUGLAW - Rechtsanwaltskanzlei\" \/>\n<meta property=\"article:modified_time\" content=\"2025-03-05T20:08:17+00:00\" \/>\n<meta property=\"og:image\" content=\"https:\/\/guglaw.at\/wordpress123\/wp-content\/uploads\/2024\/01\/Gewaltschutz-768x1024.jpg\" \/>\n<meta name=\"twitter:card\" content=\"summary_large_image\" \/>\n<meta name=\"twitter:label1\" content=\"Gesch\u00e4tzte Lesezeit\" \/>\n\t<meta name=\"twitter:data1\" content=\"2\u00a0Minuten\" \/>\n<script type=\"application\/ld+json\" class=\"yoast-schema-graph\">{\"@context\":\"https:\/\/schema.org\",\"@graph\":[{\"@type\":\"WebPage\",\"@id\":\"https:\/\/guglaw.at\/index.php\/rechtsgebiete\/gewaltschutz\/\",\"url\":\"https:\/\/guglaw.at\/index.php\/rechtsgebiete\/gewaltschutz\/\",\"name\":\"Opferschutz- und Gewaltschutzrecht - GUGLAW - Rechtsanwaltskanzlei\",\"isPartOf\":{\"@id\":\"https:\/\/guglaw.at\/#website\"},\"datePublished\":\"2024-01-22T21:36:16+00:00\",\"dateModified\":\"2025-03-05T20:08:17+00:00\",\"description\":\"Haben Sie Gewalt durch Ihren Partner erfahren? Kontaktieren Sie eine erfahrene Rechtsanw\u00e4ltin f\u00fcr Opferschutz- und Gewaltschutzrecht in Wien. Erfahren Sie, wie Sie mit einer Wegweisung und einer einstweiligen Verf\u00fcgung Ihre Sicherheit gew\u00e4hrleisten k\u00f6nnen.\",\"breadcrumb\":{\"@id\":\"https:\/\/guglaw.at\/index.php\/rechtsgebiete\/gewaltschutz\/#breadcrumb\"},\"inLanguage\":\"de\",\"potentialAction\":[{\"@type\":\"ReadAction\",\"target\":[\"https:\/\/guglaw.at\/index.php\/rechtsgebiete\/gewaltschutz\/\"]}]},{\"@type\":\"BreadcrumbList\",\"@id\":\"https:\/\/guglaw.at\/index.php\/rechtsgebiete\/gewaltschutz\/#breadcrumb\",\"itemListElement\":[{\"@type\":\"ListItem\",\"position\":1,\"name\":\"Startseite\",\"item\":\"https:\/\/guglaw.at\/\"},{\"@type\":\"ListItem\",\"position\":2,\"name\":\"Rechtsgebiete\",\"item\":\"https:\/\/guglaw.at\/index.php\/rechtsgebiete\/\"},{\"@type\":\"ListItem\",\"position\":3,\"name\":\"Opferschutz- und Gewaltschutzrecht\"}]},{\"@type\":\"WebSite\",\"@id\":\"https:\/\/guglaw.at\/#website\",\"url\":\"https:\/\/guglaw.at\/\",\"name\":\"GUGLAW - Rechtsanwaltskanzlei\",\"description\":\"\",\"publisher\":{\"@id\":\"https:\/\/guglaw.at\/#organization\"},\"potentialAction\":[{\"@type\":\"SearchAction\",\"target\":{\"@type\":\"EntryPoint\",\"urlTemplate\":\"https:\/\/guglaw.at\/?s={search_term_string}\"},\"query-input\":\"required name=search_term_string\"}],\"inLanguage\":\"de\"},{\"@type\":\"Organization\",\"@id\":\"https:\/\/guglaw.at\/#organization\",\"name\":\"GUGLAW - Rechtsanwaltskanzlei\",\"url\":\"https:\/\/guglaw.at\/\",\"logo\":{\"@type\":\"ImageObject\",\"inLanguage\":\"de\",\"@id\":\"https:\/\/guglaw.at\/#\/schema\/logo\/image\/\",\"url\":\"https:\/\/guglaw.at\/wp-content\/uploads\/2024\/01\/Header_Logo.png\",\"contentUrl\":\"https:\/\/guglaw.at\/wp-content\/uploads\/2024\/01\/Header_Logo.png\",\"width\":4967,\"height\":1043,\"caption\":\"GUGLAW - Rechtsanwaltskanzlei\"},\"image\":{\"@id\":\"https:\/\/guglaw.at\/#\/schema\/logo\/image\/\"}}]}<\/script>\n<!-- \/ Yoast SEO plugin. -->","yoast_head_json":{"title":"Opferschutz- und Gewaltschutzrecht - GUGLAW - Rechtsanwaltskanzlei","description":"Haben Sie Gewalt durch Ihren Partner erfahren? Kontaktieren Sie eine erfahrene Rechtsanw\u00e4ltin f\u00fcr Opferschutz- und Gewaltschutzrecht in Wien. Erfahren Sie, wie Sie mit einer Wegweisung und einer einstweiligen Verf\u00fcgung Ihre Sicherheit gew\u00e4hrleisten k\u00f6nnen.","robots":{"index":"index","follow":"follow","max-snippet":"max-snippet:-1","max-image-preview":"max-image-preview:large","max-video-preview":"max-video-preview:-1"},"canonical":"https:\/\/guglaw.at\/index.php\/rechtsgebiete\/gewaltschutz\/","og_locale":"de_DE","og_type":"article","og_title":"Opferschutz- und Gewaltschutzrecht - GUGLAW - Rechtsanwaltskanzlei","og_description":"Haben Sie Gewalt durch Ihren Partner erfahren? Kontaktieren Sie eine erfahrene Rechtsanw\u00e4ltin f\u00fcr Opferschutz- und Gewaltschutzrecht in Wien. Erfahren Sie, wie Sie mit einer Wegweisung und einer einstweiligen Verf\u00fcgung Ihre Sicherheit gew\u00e4hrleisten k\u00f6nnen.","og_url":"https:\/\/guglaw.at\/index.php\/rechtsgebiete\/gewaltschutz\/","og_site_name":"GUGLAW - Rechtsanwaltskanzlei","article_modified_time":"2025-03-05T20:08:17+00:00","og_image":[{"url":"https:\/\/guglaw.at\/wordpress123\/wp-content\/uploads\/2024\/01\/Gewaltschutz-768x1024.jpg"}],"twitter_card":"summary_large_image","twitter_misc":{"Gesch\u00e4tzte Lesezeit":"2\u00a0Minuten"},"schema":{"@context":"https:\/\/schema.org","@graph":[{"@type":"WebPage","@id":"https:\/\/guglaw.at\/index.php\/rechtsgebiete\/gewaltschutz\/","url":"https:\/\/guglaw.at\/index.php\/rechtsgebiete\/gewaltschutz\/","name":"Opferschutz- und Gewaltschutzrecht - GUGLAW - Rechtsanwaltskanzlei","isPartOf":{"@id":"https:\/\/guglaw.at\/#website"},"datePublished":"2024-01-22T21:36:16+00:00","dateModified":"2025-03-05T20:08:17+00:00","description":"Haben Sie Gewalt durch Ihren Partner erfahren? Kontaktieren Sie eine erfahrene Rechtsanw\u00e4ltin f\u00fcr Opferschutz- und Gewaltschutzrecht in Wien. Erfahren Sie, wie Sie mit einer Wegweisung und einer einstweiligen Verf\u00fcgung Ihre Sicherheit gew\u00e4hrleisten k\u00f6nnen.","breadcrumb":{"@id":"https:\/\/guglaw.at\/index.php\/rechtsgebiete\/gewaltschutz\/#breadcrumb"},"inLanguage":"de","potentialAction":[{"@type":"ReadAction","target":["https:\/\/guglaw.at\/index.php\/rechtsgebiete\/gewaltschutz\/"]}]},{"@type":"BreadcrumbList","@id":"https:\/\/guglaw.at\/index.php\/rechtsgebiete\/gewaltschutz\/#breadcrumb","itemListElement":[{"@type":"ListItem","position":1,"name":"Startseite","item":"https:\/\/guglaw.at\/"},{"@type":"ListItem","position":2,"name":"Rechtsgebiete","item":"https:\/\/guglaw.at\/index.php\/rechtsgebiete\/"},{"@type":"ListItem","position":3,"name":"Opferschutz- und Gewaltschutzrecht"}]},{"@type":"WebSite","@id":"https:\/\/guglaw.at\/#website","url":"https:\/\/guglaw.at\/","name":"GUGLAW - Rechtsanwaltskanzlei","description":"","publisher":{"@id":"https:\/\/guglaw.at\/#organization"},"potentialAction":[{"@type":"SearchAction","target":{"@type":"EntryPoint","urlTemplate":"https:\/\/guglaw.at\/?s={search_term_string}"},"query-input":"required name=search_term_string"}],"inLanguage":"de"},{"@type":"Organization","@id":"https:\/\/guglaw.at\/#organization","name":"GUGLAW - Rechtsanwaltskanzlei","url":"https:\/\/guglaw.at\/","logo":{"@type":"ImageObject","inLanguage":"de","@id":"https:\/\/guglaw.at\/#\/schema\/logo\/image\/","url":"https:\/\/guglaw.at\/wp-content\/uploads\/2024\/01\/Header_Logo.png","contentUrl":"https:\/\/guglaw.at\/wp-content\/uploads\/2024\/01\/Header_Logo.png","width":4967,"height":1043,"caption":"GUGLAW - Rechtsanwaltskanzlei"},"image":{"@id":"https:\/\/guglaw.at\/#\/schema\/logo\/image\/"}}]}},"jetpack_sharing_enabled":true,"_links":{"self":[{"href":"https:\/\/guglaw.at\/index.php\/wp-json\/wp\/v2\/pages\/284","targetHints":{"allow":["GET"]}}],"collection":[{"href":"https:\/\/guglaw.at\/index.php\/wp-json\/wp\/v2\/pages"}],"about":[{"href":"https:\/\/guglaw.at\/index.php\/wp-json\/wp\/v2\/types\/page"}],"author":[{"embeddable":true,"href":"https:\/\/guglaw.at\/index.php\/wp-json\/wp\/v2\/users\/1"}],"replies":[{"embeddable":true,"href":"https:\/\/guglaw.at\/index.php\/wp-json\/wp\/v2\/comments?post=284"}],"version-history":[{"count":12,"href":"https:\/\/guglaw.at\/index.php\/wp-json\/wp\/v2\/pages\/284\/revisions"}],"predecessor-version":[{"id":705,"href":"https:\/\/guglaw.at\/index.php\/wp-json\/wp\/v2\/pages\/284\/revisions\/705"}],"up":[{"embeddable":true,"href":"https:\/\/guglaw.at\/index.php\/wp-json\/wp\/v2\/pages\/104"}],"wp:attachment":[{"href":"https:\/\/guglaw.at\/index.php\/wp-json\/wp\/v2\/media?parent=284"}],"curies":[{"name":"wp","href":"https:\/\/api.w.org\/{rel}","templated":true}]}}