{"id":369,"date":"2024-01-26T18:38:44","date_gmt":"2024-01-26T18:38:44","guid":{"rendered":"https:\/\/guglaw.at\/wordpress123\/?page_id=369"},"modified":"2024-02-11T21:49:17","modified_gmt":"2024-02-11T21:49:17","slug":"verwaltungs-und-verwaltungsstrafrecht","status":"publish","type":"page","link":"https:\/\/guglaw.at\/index.php\/rechtsgebiete\/verwaltungs-und-verwaltungsstrafrecht\/","title":{"rendered":"Verwaltungs- und Verwaltungsstrafrecht"},"content":{"rendered":"\n<figure class=\"wp-block-image aligncenter size-large is-resized is-style-rounded is-style-rounded--1\"><img loading=\"lazy\" decoding=\"async\" width=\"768\" height=\"1024\" src=\"https:\/\/guglaw.at\/wordpress123\/wp-content\/uploads\/2024\/01\/Verwaltungsrecht-768x1024.jpg\" alt=\"\" class=\"wp-image-371\" style=\"aspect-ratio:1;object-fit:cover;width:600px\" srcset=\"https:\/\/guglaw.at\/wp-content\/uploads\/2024\/01\/Verwaltungsrecht-768x1024.jpg 768w, https:\/\/guglaw.at\/wp-content\/uploads\/2024\/01\/Verwaltungsrecht-225x300.jpg 225w, https:\/\/guglaw.at\/wp-content\/uploads\/2024\/01\/Verwaltungsrecht-1152x1536.jpg 1152w, https:\/\/guglaw.at\/wp-content\/uploads\/2024\/01\/Verwaltungsrecht-1536x2048.jpg 1536w, https:\/\/guglaw.at\/wp-content\/uploads\/2024\/01\/Verwaltungsrecht-scaled.jpg 1920w\" sizes=\"auto, (max-width: 768px) 100vw, 768px\" \/><\/figure>\n\n\n\n<p class=\"has-text-align-justify\" style=\"margin-top:var(--wp--preset--spacing--30);margin-bottom:var(--wp--preset--spacing--30);font-size:clamp(0.929rem, 0.929rem + ((1vw - 0.2rem) * 0.785), 1.4rem);\">Das Verwaltungsrecht regelt die Beziehung zwischen B\u00fcrgern bzw. B\u00fcrgerinnen und staatlichen Beh\u00f6rden. Es umfasst Regeln und Vorschriften, nach denen Beh\u00f6rden handeln und Entscheidungen treffen m\u00fcssen. Im Verwaltungsstrafrecht geht es vor allem um Verst\u00f6\u00dfe gegen beh\u00f6rdliche Vorschriften, die mit Geldbu\u00dfen oder anderen Strafen geahndet werden k\u00f6nnen.<br><br>Als Ihre Rechtsanw\u00e4ltin stehe ich Ihnen im Verwaltungs- und Verwaltungsstrafrecht zur Seite, indem ich f\u00fcr Ihre Rechte einstehe und Ihre Interessen gegen\u00fcber den Beh\u00f6rden vertrete. Ich unterst\u00fctze Sie bei der Einreichung von Antr\u00e4gen, Einspr\u00fcchen und Beschwerden, pr\u00fcfe Verwaltungsentscheidungen und vertrete Sie gegebenenfalls vor Verwaltungsgerichten oder Verwaltungsbeh\u00f6rden.<\/p>\n\n\n\n<div class=\"wp-block-buttons is-content-justification-center is-layout-flex wp-container-core-buttons-is-layout-d565fcec wp-block-buttons-is-layout-flex\" style=\"margin-top:var(--wp--preset--spacing--20);margin-bottom:var(--wp--preset--spacing--20)\">\n<div class=\"wp-block-button has-custom-font-size has-large-font-size\"><a class=\"wp-block-button__link has-base-2-color has-text-color has-background has-link-color wp-element-button\" href=\"https:\/\/guglaw.at\/index.php\/kontakt\/\" style=\"background-color:#e48444\">KONTAKT AUFNEHMEN<\/a><\/div>\n<\/div>\n","protected":false},"excerpt":{"rendered":"<p>Das Verwaltungsrecht regelt die Beziehung zwischen B\u00fcrgern bzw. B\u00fcrgerinnen und staatlichen Beh\u00f6rden. Es umfasst Regeln und Vorschriften, nach denen Beh\u00f6rden handeln und Entscheidungen treffen m\u00fcssen. Im Verwaltungsstrafrecht geht es vor allem um Verst\u00f6\u00dfe gegen beh\u00f6rdliche Vorschriften, die mit Geldbu\u00dfen oder anderen Strafen geahndet werden k\u00f6nnen. Als Ihre Rechtsanw\u00e4ltin stehe ich Ihnen im Verwaltungs- und Verwaltungsstrafrecht [&hellip;]<\/p>\n","protected":false},"author":1,"featured_media":0,"parent":104,"menu_order":0,"comment_status":"closed","ping_status":"closed","template":"","meta":{"footnotes":""},"class_list":["post-369","page","type-page","status-publish","hentry"],"yoast_head":"<!-- This site is optimized with the Yoast SEO plugin v21.8.1 - https:\/\/yoast.com\/wordpress\/plugins\/seo\/ -->\n<title>Verwaltungs- und Verwaltungsstrafrecht - GUGLAW - Rechtsanwaltskanzlei<\/title>\n<meta name=\"robots\" content=\"index, follow, max-snippet:-1, max-image-preview:large, max-video-preview:-1\" \/>\n<link rel=\"canonical\" href=\"https:\/\/guglaw.at\/index.php\/rechtsgebiete\/verwaltungs-und-verwaltungsstrafrecht\/\" \/>\n<meta property=\"og:locale\" content=\"de_DE\" \/>\n<meta property=\"og:type\" content=\"article\" \/>\n<meta property=\"og:title\" content=\"Verwaltungs- und Verwaltungsstrafrecht - GUGLAW - Rechtsanwaltskanzlei\" \/>\n<meta property=\"og:description\" content=\"Das Verwaltungsrecht regelt die Beziehung zwischen B\u00fcrgern bzw. B\u00fcrgerinnen und staatlichen Beh\u00f6rden. Es umfasst Regeln und Vorschriften, nach denen Beh\u00f6rden handeln und Entscheidungen treffen m\u00fcssen. Im Verwaltungsstrafrecht geht es vor allem um Verst\u00f6\u00dfe gegen beh\u00f6rdliche Vorschriften, die mit Geldbu\u00dfen oder anderen Strafen geahndet werden k\u00f6nnen. Als Ihre Rechtsanw\u00e4ltin stehe ich Ihnen im Verwaltungs- und Verwaltungsstrafrecht [&hellip;]\" \/>\n<meta property=\"og:url\" content=\"https:\/\/guglaw.at\/index.php\/rechtsgebiete\/verwaltungs-und-verwaltungsstrafrecht\/\" \/>\n<meta property=\"og:site_name\" content=\"GUGLAW - Rechtsanwaltskanzlei\" \/>\n<meta property=\"article:modified_time\" content=\"2024-02-11T21:49:17+00:00\" \/>\n<meta property=\"og:image\" content=\"https:\/\/guglaw.at\/wordpress123\/wp-content\/uploads\/2024\/01\/Verwaltungsrecht-768x1024.jpg\" \/>\n<meta name=\"twitter:card\" content=\"summary_large_image\" \/>\n<meta name=\"twitter:label1\" content=\"Gesch\u00e4tzte Lesezeit\" \/>\n\t<meta name=\"twitter:data1\" content=\"1\u00a0Minute\" \/>\n<script type=\"application\/ld+json\" class=\"yoast-schema-graph\">{\"@context\":\"https:\/\/schema.org\",\"@graph\":[{\"@type\":\"WebPage\",\"@id\":\"https:\/\/guglaw.at\/index.php\/rechtsgebiete\/verwaltungs-und-verwaltungsstrafrecht\/\",\"url\":\"https:\/\/guglaw.at\/index.php\/rechtsgebiete\/verwaltungs-und-verwaltungsstrafrecht\/\",\"name\":\"Verwaltungs- und Verwaltungsstrafrecht - GUGLAW - Rechtsanwaltskanzlei\",\"isPartOf\":{\"@id\":\"https:\/\/guglaw.at\/#website\"},\"datePublished\":\"2024-01-26T18:38:44+00:00\",\"dateModified\":\"2024-02-11T21:49:17+00:00\",\"breadcrumb\":{\"@id\":\"https:\/\/guglaw.at\/index.php\/rechtsgebiete\/verwaltungs-und-verwaltungsstrafrecht\/#breadcrumb\"},\"inLanguage\":\"de\",\"potentialAction\":[{\"@type\":\"ReadAction\",\"target\":[\"https:\/\/guglaw.at\/index.php\/rechtsgebiete\/verwaltungs-und-verwaltungsstrafrecht\/\"]}]},{\"@type\":\"BreadcrumbList\",\"@id\":\"https:\/\/guglaw.at\/index.php\/rechtsgebiete\/verwaltungs-und-verwaltungsstrafrecht\/#breadcrumb\",\"itemListElement\":[{\"@type\":\"ListItem\",\"position\":1,\"name\":\"Startseite\",\"item\":\"https:\/\/guglaw.at\/\"},{\"@type\":\"ListItem\",\"position\":2,\"name\":\"Rechtsgebiete\",\"item\":\"https:\/\/guglaw.at\/index.php\/rechtsgebiete\/\"},{\"@type\":\"ListItem\",\"position\":3,\"name\":\"Verwaltungs- und Verwaltungsstrafrecht\"}]},{\"@type\":\"WebSite\",\"@id\":\"https:\/\/guglaw.at\/#website\",\"url\":\"https:\/\/guglaw.at\/\",\"name\":\"GUGLAW - Rechtsanwaltskanzlei\",\"description\":\"\",\"publisher\":{\"@id\":\"https:\/\/guglaw.at\/#organization\"},\"potentialAction\":[{\"@type\":\"SearchAction\",\"target\":{\"@type\":\"EntryPoint\",\"urlTemplate\":\"https:\/\/guglaw.at\/?s={search_term_string}\"},\"query-input\":\"required name=search_term_string\"}],\"inLanguage\":\"de\"},{\"@type\":\"Organization\",\"@id\":\"https:\/\/guglaw.at\/#organization\",\"name\":\"GUGLAW - Rechtsanwaltskanzlei\",\"url\":\"https:\/\/guglaw.at\/\",\"logo\":{\"@type\":\"ImageObject\",\"inLanguage\":\"de\",\"@id\":\"https:\/\/guglaw.at\/#\/schema\/logo\/image\/\",\"url\":\"https:\/\/guglaw.at\/wp-content\/uploads\/2024\/01\/Header_Logo.png\",\"contentUrl\":\"https:\/\/guglaw.at\/wp-content\/uploads\/2024\/01\/Header_Logo.png\",\"width\":4967,\"height\":1043,\"caption\":\"GUGLAW - Rechtsanwaltskanzlei\"},\"image\":{\"@id\":\"https:\/\/guglaw.at\/#\/schema\/logo\/image\/\"}}]}<\/script>\n<!-- \/ Yoast SEO plugin. -->","yoast_head_json":{"title":"Verwaltungs- und Verwaltungsstrafrecht - GUGLAW - Rechtsanwaltskanzlei","robots":{"index":"index","follow":"follow","max-snippet":"max-snippet:-1","max-image-preview":"max-image-preview:large","max-video-preview":"max-video-preview:-1"},"canonical":"https:\/\/guglaw.at\/index.php\/rechtsgebiete\/verwaltungs-und-verwaltungsstrafrecht\/","og_locale":"de_DE","og_type":"article","og_title":"Verwaltungs- und Verwaltungsstrafrecht - GUGLAW - Rechtsanwaltskanzlei","og_description":"Das Verwaltungsrecht regelt die Beziehung zwischen B\u00fcrgern bzw. B\u00fcrgerinnen und staatlichen Beh\u00f6rden. Es umfasst Regeln und Vorschriften, nach denen Beh\u00f6rden handeln und Entscheidungen treffen m\u00fcssen. Im Verwaltungsstrafrecht geht es vor allem um Verst\u00f6\u00dfe gegen beh\u00f6rdliche Vorschriften, die mit Geldbu\u00dfen oder anderen Strafen geahndet werden k\u00f6nnen. Als Ihre Rechtsanw\u00e4ltin stehe ich Ihnen im Verwaltungs- und Verwaltungsstrafrecht [&hellip;]","og_url":"https:\/\/guglaw.at\/index.php\/rechtsgebiete\/verwaltungs-und-verwaltungsstrafrecht\/","og_site_name":"GUGLAW - Rechtsanwaltskanzlei","article_modified_time":"2024-02-11T21:49:17+00:00","og_image":[{"url":"https:\/\/guglaw.at\/wordpress123\/wp-content\/uploads\/2024\/01\/Verwaltungsrecht-768x1024.jpg"}],"twitter_card":"summary_large_image","twitter_misc":{"Gesch\u00e4tzte Lesezeit":"1\u00a0Minute"},"schema":{"@context":"https:\/\/schema.org","@graph":[{"@type":"WebPage","@id":"https:\/\/guglaw.at\/index.php\/rechtsgebiete\/verwaltungs-und-verwaltungsstrafrecht\/","url":"https:\/\/guglaw.at\/index.php\/rechtsgebiete\/verwaltungs-und-verwaltungsstrafrecht\/","name":"Verwaltungs- und Verwaltungsstrafrecht - GUGLAW - Rechtsanwaltskanzlei","isPartOf":{"@id":"https:\/\/guglaw.at\/#website"},"datePublished":"2024-01-26T18:38:44+00:00","dateModified":"2024-02-11T21:49:17+00:00","breadcrumb":{"@id":"https:\/\/guglaw.at\/index.php\/rechtsgebiete\/verwaltungs-und-verwaltungsstrafrecht\/#breadcrumb"},"inLanguage":"de","potentialAction":[{"@type":"ReadAction","target":["https:\/\/guglaw.at\/index.php\/rechtsgebiete\/verwaltungs-und-verwaltungsstrafrecht\/"]}]},{"@type":"BreadcrumbList","@id":"https:\/\/guglaw.at\/index.php\/rechtsgebiete\/verwaltungs-und-verwaltungsstrafrecht\/#breadcrumb","itemListElement":[{"@type":"ListItem","position":1,"name":"Startseite","item":"https:\/\/guglaw.at\/"},{"@type":"ListItem","position":2,"name":"Rechtsgebiete","item":"https:\/\/guglaw.at\/index.php\/rechtsgebiete\/"},{"@type":"ListItem","position":3,"name":"Verwaltungs- und Verwaltungsstrafrecht"}]},{"@type":"WebSite","@id":"https:\/\/guglaw.at\/#website","url":"https:\/\/guglaw.at\/","name":"GUGLAW - Rechtsanwaltskanzlei","description":"","publisher":{"@id":"https:\/\/guglaw.at\/#organization"},"potentialAction":[{"@type":"SearchAction","target":{"@type":"EntryPoint","urlTemplate":"https:\/\/guglaw.at\/?s={search_term_string}"},"query-input":"required name=search_term_string"}],"inLanguage":"de"},{"@type":"Organization","@id":"https:\/\/guglaw.at\/#organization","name":"GUGLAW - Rechtsanwaltskanzlei","url":"https:\/\/guglaw.at\/","logo":{"@type":"ImageObject","inLanguage":"de","@id":"https:\/\/guglaw.at\/#\/schema\/logo\/image\/","url":"https:\/\/guglaw.at\/wp-content\/uploads\/2024\/01\/Header_Logo.png","contentUrl":"https:\/\/guglaw.at\/wp-content\/uploads\/2024\/01\/Header_Logo.png","width":4967,"height":1043,"caption":"GUGLAW - Rechtsanwaltskanzlei"},"image":{"@id":"https:\/\/guglaw.at\/#\/schema\/logo\/image\/"}}]}},"jetpack_sharing_enabled":true,"_links":{"self":[{"href":"https:\/\/guglaw.at\/index.php\/wp-json\/wp\/v2\/pages\/369","targetHints":{"allow":["GET"]}}],"collection":[{"href":"https:\/\/guglaw.at\/index.php\/wp-json\/wp\/v2\/pages"}],"about":[{"href":"https:\/\/guglaw.at\/index.php\/wp-json\/wp\/v2\/types\/page"}],"author":[{"embeddable":true,"href":"https:\/\/guglaw.at\/index.php\/wp-json\/wp\/v2\/users\/1"}],"replies":[{"embeddable":true,"href":"https:\/\/guglaw.at\/index.php\/wp-json\/wp\/v2\/comments?post=369"}],"version-history":[{"count":6,"href":"https:\/\/guglaw.at\/index.php\/wp-json\/wp\/v2\/pages\/369\/revisions"}],"predecessor-version":[{"id":626,"href":"https:\/\/guglaw.at\/index.php\/wp-json\/wp\/v2\/pages\/369\/revisions\/626"}],"up":[{"embeddable":true,"href":"https:\/\/guglaw.at\/index.php\/wp-json\/wp\/v2\/pages\/104"}],"wp:attachment":[{"href":"https:\/\/guglaw.at\/index.php\/wp-json\/wp\/v2\/media?parent=369"}],"curies":[{"name":"wp","href":"https:\/\/api.w.org\/{rel}","templated":true}]}}